{"id":52,"date":"2022-02-17T15:55:36","date_gmt":"2022-02-17T15:55:36","guid":{"rendered":"https:\/\/graber.congress.stream\/startseite\/membership-join\/membership-registration\/"},"modified":"2022-02-17T15:55:36","modified_gmt":"2022-02-17T15:55:36","slug":"membership-registration","status":"publish","type":"page","link":"https:\/\/graber.congress.stream\/startseite\/membership-join\/membership-registration\/","title":{"rendered":"Registrierung"},"content":{"rendered":"<p>Die kostenlose Mitgliedschaft ist auf dieser Seite deaktiviert. Bitte leisten Sie eine Zahlung von der <a href=\"https:\/\/graber.congress.stream\/startseite\/membership-join\/\">Werden Sie Mitglied bei uns<\/a> Seite, um f\u00fcr eine Premium-Mitgliedschaft zu bezahlen.<\/p><p>Sie erhalten nach der Zahlung einen eindeutigen Link per E-Mail. Sie k\u00f6nnen diesen Link verwenden, um die Registrierung f\u00fcr die Premium-Mitgliedschaft abzuschlie\u00dfen.<\/p>\n","protected":false},"excerpt":{"rendered":"","protected":false},"author":1,"featured_media":0,"parent":51,"menu_order":0,"comment_status":"closed","ping_status":"closed","template":"","meta":{"footnotes":""},"class_list":["post-52","page","type-page","status-publish","hentry","entry"],"_links":{"self":[{"href":"https:\/\/graber.congress.stream\/startseite\/wp-json\/wp\/v2\/pages\/52","targetHints":{"allow":["GET"]}}],"collection":[{"href":"https:\/\/graber.congress.stream\/startseite\/wp-json\/wp\/v2\/pages"}],"about":[{"href":"https:\/\/graber.congress.stream\/startseite\/wp-json\/wp\/v2\/types\/page"}],"author":[{"embeddable":true,"href":"https:\/\/graber.congress.stream\/startseite\/wp-json\/wp\/v2\/users\/1"}],"replies":[{"embeddable":true,"href":"https:\/\/graber.congress.stream\/startseite\/wp-json\/wp\/v2\/comments?post=52"}],"version-history":[{"count":0,"href":"https:\/\/graber.congress.stream\/startseite\/wp-json\/wp\/v2\/pages\/52\/revisions"}],"up":[{"embeddable":true,"href":"https:\/\/graber.congress.stream\/startseite\/wp-json\/wp\/v2\/pages\/51"}],"wp:attachment":[{"href":"https:\/\/graber.congress.stream\/startseite\/wp-json\/wp\/v2\/media?parent=52"}],"curies":[{"name":"wp","href":"https:\/\/api.w.org\/{rel}","templated":true}]}}